{"id":737,"date":"2024-08-30T16:58:21","date_gmt":"2024-08-30T16:58:21","guid":{"rendered":"https:\/\/casaerika.com.ar\/?post_type=product&#038;p=737"},"modified":"2024-08-30T16:59:54","modified_gmt":"2024-08-30T16:59:54","slug":"lapices-de-grafito-x12","status":"publish","type":"product","link":"https:\/\/casaerika.com.ar\/index.php\/producto\/lapices-de-grafito-x12\/","title":{"rendered":"Lapices de Grafito x12"},"content":{"rendered":"<ul>\n<li>L\u00e1piz de grafito hexagonal HB N\u00ba2 con goma incorporada<\/li>\n<li>F\u00e1cil de borrar<\/li>\n<li>No se astilla al sacarle punta<\/li>\n<li>Minas de gran resistencia<\/li>\n<li>Fabricado con resina pl\u00e1stica sin la utilizaci\u00f3n de madera<\/li>\n<\/ul>\n","protected":false},"excerpt":{"rendered":"<p>L\u00e1piz de grafito hexagonal HB N\u00ba2 con goma incorporada F\u00e1cil de borrar No se astilla al sacarle punta Minas de gran resistencia Fabricado con resina pl\u00e1stica sin la utilizaci\u00f3n de madera<\/p>\n","protected":false},"featured_media":738,"comment_status":"open","ping_status":"closed","template":"","meta":[],"product_brand":[],"product_cat":[44],"product_tag":[17],"class_list":{"0":"post-737","1":"product","2":"type-product","3":"status-publish","4":"has-post-thumbnail","6":"product_cat-lapices","7":"product_tag-filgo","9":"first","10":"instock","11":"shipping-taxable","12":"product-type-simple"},"yoast_head":"<!-- This site is optimized with the Yoast SEO plugin v27.3 - https:\/\/yoast.com\/product\/yoast-seo-wordpress\/ -->\n<title>Lapices de Grafito x12 - Casa Erika<\/title>\n<meta name=\"robots\" content=\"index, follow, max-snippet:-1, max-image-preview:large, max-video-preview:-1\" \/>\n<link rel=\"canonical\" href=\"https:\/\/casaerika.com.ar\/index.php\/producto\/lapices-de-grafito-x12\/\" \/>\n<meta property=\"og:locale\" content=\"es_ES\" \/>\n<meta property=\"og:type\" content=\"article\" \/>\n<meta property=\"og:title\" content=\"Lapices de Grafito x12 - Casa Erika\" \/>\n<meta property=\"og:description\" content=\"L\u00e1piz de grafito hexagonal HB N\u00ba2 con goma incorporada F\u00e1cil de borrar No se astilla al sacarle punta Minas de gran resistencia Fabricado con resina pl\u00e1stica sin la utilizaci\u00f3n de madera\" \/>\n<meta property=\"og:url\" content=\"https:\/\/casaerika.com.ar\/index.php\/producto\/lapices-de-grafito-x12\/\" \/>\n<meta property=\"og:site_name\" content=\"Casa Erika\" \/>\n<meta property=\"article:modified_time\" content=\"2024-08-30T16:59:54+00:00\" \/>\n<meta property=\"og:image\" content=\"https:\/\/casaerika.com.ar\/wp-content\/uploads\/2024\/08\/Lapices-de-Grafito-x12.png\" \/>\n\t<meta property=\"og:image:width\" content=\"590\" \/>\n\t<meta property=\"og:image:height\" content=\"590\" \/>\n\t<meta property=\"og:image:type\" content=\"image\/png\" \/>\n<meta name=\"twitter:card\" content=\"summary_large_image\" \/>\n<meta name=\"twitter:label1\" content=\"Tiempo de lectura\" \/>\n\t<meta name=\"twitter:data1\" content=\"1 minuto\" \/>\n<script type=\"application\/ld+json\" class=\"yoast-schema-graph\">{\"@context\":\"https:\\\/\\\/schema.org\",\"@graph\":[{\"@type\":\"WebPage\",\"@id\":\"https:\\\/\\\/casaerika.com.ar\\\/index.php\\\/producto\\\/lapices-de-grafito-x12\\\/\",\"url\":\"https:\\\/\\\/casaerika.com.ar\\\/index.php\\\/producto\\\/lapices-de-grafito-x12\\\/\",\"name\":\"Lapices de Grafito x12 - Casa Erika\",\"isPartOf\":{\"@id\":\"https:\\\/\\\/casaerika.com.ar\\\/#website\"},\"primaryImageOfPage\":{\"@id\":\"https:\\\/\\\/casaerika.com.ar\\\/index.php\\\/producto\\\/lapices-de-grafito-x12\\\/#primaryimage\"},\"image\":{\"@id\":\"https:\\\/\\\/casaerika.com.ar\\\/index.php\\\/producto\\\/lapices-de-grafito-x12\\\/#primaryimage\"},\"thumbnailUrl\":\"https:\\\/\\\/casaerika.com.ar\\\/wp-content\\\/uploads\\\/2024\\\/08\\\/Lapices-de-Grafito-x12.png\",\"datePublished\":\"2024-08-30T16:58:21+00:00\",\"dateModified\":\"2024-08-30T16:59:54+00:00\",\"breadcrumb\":{\"@id\":\"https:\\\/\\\/casaerika.com.ar\\\/index.php\\\/producto\\\/lapices-de-grafito-x12\\\/#breadcrumb\"},\"inLanguage\":\"es\",\"potentialAction\":[{\"@type\":\"ReadAction\",\"target\":[\"https:\\\/\\\/casaerika.com.ar\\\/index.php\\\/producto\\\/lapices-de-grafito-x12\\\/\"]}]},{\"@type\":\"ImageObject\",\"inLanguage\":\"es\",\"@id\":\"https:\\\/\\\/casaerika.com.ar\\\/index.php\\\/producto\\\/lapices-de-grafito-x12\\\/#primaryimage\",\"url\":\"https:\\\/\\\/casaerika.com.ar\\\/wp-content\\\/uploads\\\/2024\\\/08\\\/Lapices-de-Grafito-x12.png\",\"contentUrl\":\"https:\\\/\\\/casaerika.com.ar\\\/wp-content\\\/uploads\\\/2024\\\/08\\\/Lapices-de-Grafito-x12.png\",\"width\":590,\"height\":590},{\"@type\":\"BreadcrumbList\",\"@id\":\"https:\\\/\\\/casaerika.com.ar\\\/index.php\\\/producto\\\/lapices-de-grafito-x12\\\/#breadcrumb\",\"itemListElement\":[{\"@type\":\"ListItem\",\"position\":1,\"name\":\"Portada\",\"item\":\"https:\\\/\\\/casaerika.com.ar\\\/\"},{\"@type\":\"ListItem\",\"position\":2,\"name\":\"Tienda\",\"item\":\"https:\\\/\\\/casaerika.com.ar\\\/?page_id=9\"},{\"@type\":\"ListItem\",\"position\":3,\"name\":\"Lapices de Grafito x12\"}]},{\"@type\":\"WebSite\",\"@id\":\"https:\\\/\\\/casaerika.com.ar\\\/#website\",\"url\":\"https:\\\/\\\/casaerika.com.ar\\\/\",\"name\":\"Casa Erika\",\"description\":\"\",\"potentialAction\":[{\"@type\":\"SearchAction\",\"target\":{\"@type\":\"EntryPoint\",\"urlTemplate\":\"https:\\\/\\\/casaerika.com.ar\\\/?s={search_term_string}\"},\"query-input\":{\"@type\":\"PropertyValueSpecification\",\"valueRequired\":true,\"valueName\":\"search_term_string\"}}],\"inLanguage\":\"es\"}]}<\/script>\n<!-- \/ Yoast SEO plugin. -->","yoast_head_json":{"title":"Lapices de Grafito x12 - Casa Erika","robots":{"index":"index","follow":"follow","max-snippet":"max-snippet:-1","max-image-preview":"max-image-preview:large","max-video-preview":"max-video-preview:-1"},"canonical":"https:\/\/casaerika.com.ar\/index.php\/producto\/lapices-de-grafito-x12\/","og_locale":"es_ES","og_type":"article","og_title":"Lapices de Grafito x12 - Casa Erika","og_description":"L\u00e1piz de grafito hexagonal HB N\u00ba2 con goma incorporada F\u00e1cil de borrar No se astilla al sacarle punta Minas de gran resistencia Fabricado con resina pl\u00e1stica sin la utilizaci\u00f3n de madera","og_url":"https:\/\/casaerika.com.ar\/index.php\/producto\/lapices-de-grafito-x12\/","og_site_name":"Casa Erika","article_modified_time":"2024-08-30T16:59:54+00:00","og_image":[{"width":590,"height":590,"url":"https:\/\/casaerika.com.ar\/wp-content\/uploads\/2024\/08\/Lapices-de-Grafito-x12.png","type":"image\/png"}],"twitter_card":"summary_large_image","twitter_misc":{"Tiempo de lectura":"1 minuto"},"schema":{"@context":"https:\/\/schema.org","@graph":[{"@type":"WebPage","@id":"https:\/\/casaerika.com.ar\/index.php\/producto\/lapices-de-grafito-x12\/","url":"https:\/\/casaerika.com.ar\/index.php\/producto\/lapices-de-grafito-x12\/","name":"Lapices de Grafito x12 - Casa Erika","isPartOf":{"@id":"https:\/\/casaerika.com.ar\/#website"},"primaryImageOfPage":{"@id":"https:\/\/casaerika.com.ar\/index.php\/producto\/lapices-de-grafito-x12\/#primaryimage"},"image":{"@id":"https:\/\/casaerika.com.ar\/index.php\/producto\/lapices-de-grafito-x12\/#primaryimage"},"thumbnailUrl":"https:\/\/casaerika.com.ar\/wp-content\/uploads\/2024\/08\/Lapices-de-Grafito-x12.png","datePublished":"2024-08-30T16:58:21+00:00","dateModified":"2024-08-30T16:59:54+00:00","breadcrumb":{"@id":"https:\/\/casaerika.com.ar\/index.php\/producto\/lapices-de-grafito-x12\/#breadcrumb"},"inLanguage":"es","potentialAction":[{"@type":"ReadAction","target":["https:\/\/casaerika.com.ar\/index.php\/producto\/lapices-de-grafito-x12\/"]}]},{"@type":"ImageObject","inLanguage":"es","@id":"https:\/\/casaerika.com.ar\/index.php\/producto\/lapices-de-grafito-x12\/#primaryimage","url":"https:\/\/casaerika.com.ar\/wp-content\/uploads\/2024\/08\/Lapices-de-Grafito-x12.png","contentUrl":"https:\/\/casaerika.com.ar\/wp-content\/uploads\/2024\/08\/Lapices-de-Grafito-x12.png","width":590,"height":590},{"@type":"BreadcrumbList","@id":"https:\/\/casaerika.com.ar\/index.php\/producto\/lapices-de-grafito-x12\/#breadcrumb","itemListElement":[{"@type":"ListItem","position":1,"name":"Portada","item":"https:\/\/casaerika.com.ar\/"},{"@type":"ListItem","position":2,"name":"Tienda","item":"https:\/\/casaerika.com.ar\/?page_id=9"},{"@type":"ListItem","position":3,"name":"Lapices de Grafito x12"}]},{"@type":"WebSite","@id":"https:\/\/casaerika.com.ar\/#website","url":"https:\/\/casaerika.com.ar\/","name":"Casa Erika","description":"","potentialAction":[{"@type":"SearchAction","target":{"@type":"EntryPoint","urlTemplate":"https:\/\/casaerika.com.ar\/?s={search_term_string}"},"query-input":{"@type":"PropertyValueSpecification","valueRequired":true,"valueName":"search_term_string"}}],"inLanguage":"es"}]}},"_links":{"self":[{"href":"https:\/\/casaerika.com.ar\/index.php\/wp-json\/wp\/v2\/product\/737","targetHints":{"allow":["GET"]}}],"collection":[{"href":"https:\/\/casaerika.com.ar\/index.php\/wp-json\/wp\/v2\/product"}],"about":[{"href":"https:\/\/casaerika.com.ar\/index.php\/wp-json\/wp\/v2\/types\/product"}],"replies":[{"embeddable":true,"href":"https:\/\/casaerika.com.ar\/index.php\/wp-json\/wp\/v2\/comments?post=737"}],"wp:featuredmedia":[{"embeddable":true,"href":"https:\/\/casaerika.com.ar\/index.php\/wp-json\/wp\/v2\/media\/738"}],"wp:attachment":[{"href":"https:\/\/casaerika.com.ar\/index.php\/wp-json\/wp\/v2\/media?parent=737"}],"wp:term":[{"taxonomy":"product_brand","embeddable":true,"href":"https:\/\/casaerika.com.ar\/index.php\/wp-json\/wp\/v2\/product_brand?post=737"},{"taxonomy":"product_cat","embeddable":true,"href":"https:\/\/casaerika.com.ar\/index.php\/wp-json\/wp\/v2\/product_cat?post=737"},{"taxonomy":"product_tag","embeddable":true,"href":"https:\/\/casaerika.com.ar\/index.php\/wp-json\/wp\/v2\/product_tag?post=737"}],"curies":[{"name":"wp","href":"https:\/\/api.w.org\/{rel}","templated":true}]}}